{"id":712,"date":"2025-10-24T00:33:01","date_gmt":"2025-10-24T00:33:01","guid":{"rendered":"https:\/\/psicologiacardedeu.com\/agendar-cita\/"},"modified":"2026-01-13T16:14:38","modified_gmt":"2026-01-13T16:14:38","slug":"agendar-cita","status":"publish","type":"page","link":"https:\/\/psicologiacardedeu.com\/es\/agendar-cita\/","title":{"rendered":"Agendar cita"},"content":{"rendered":"\t\t<div data-elementor-type=\"wp-page\" data-elementor-id=\"712\" class=\"elementor elementor-712 elementor-578\" data-elementor-post-type=\"page\">\n\t\t\t\t<div class=\"elementor-element elementor-element-643d3b5 e-flex e-con-boxed e-con e-parent\" data-id=\"643d3b5\" data-element_type=\"container\" data-settings=\"{&quot;background_background&quot;:&quot;classic&quot;}\">\n\t\t\t\t\t<div class=\"e-con-inner\">\n\t\t\t\t<div class=\"elementor-element elementor-element-e74ec12 elementor-widget__width-initial elementor-widget elementor-widget-image\" data-id=\"e74ec12\" data-element_type=\"widget\" data-widget_type=\"image.default\">\n\t\t\t\t\t\t\t\t\t\t\t\t\t\t\t<img fetchpriority=\"high\" decoding=\"async\" width=\"768\" height=\"1038\" src=\"https:\/\/psicologiacardedeu.com\/wp-content\/uploads\/2025\/09\/perfil-768x1038.webp\" class=\"attachment-medium_large size-medium_large wp-image-714\" alt=\"\" srcset=\"https:\/\/psicologiacardedeu.com\/wp-content\/uploads\/2025\/09\/perfil-768x1038.webp 768w, https:\/\/psicologiacardedeu.com\/wp-content\/uploads\/2025\/09\/perfil-222x300.webp 222w, https:\/\/psicologiacardedeu.com\/wp-content\/uploads\/2025\/09\/perfil-758x1024.webp 758w, https:\/\/psicologiacardedeu.com\/wp-content\/uploads\/2025\/09\/perfil-1136x1536.webp 1136w, https:\/\/psicologiacardedeu.com\/wp-content\/uploads\/2025\/09\/perfil.webp 1200w\" sizes=\"(max-width: 768px) 100vw, 768px\" \/>\t\t\t\t\t\t\t\t\t\t\t\t\t\t\t<\/div>\n\t\t\t\t<div class=\"elementor-element elementor-element-c473151 elementor-widget elementor-widget-heading\" data-id=\"c473151\" data-element_type=\"widget\" data-widget_type=\"heading.default\">\n\t\t\t\t\t<h4 class=\"elementor-heading-title elementor-size-default\">Agendar cita<\/h4>\t\t\t\t<\/div>\n\t\t\t\t<div class=\"elementor-element elementor-element-d5f6f41 elementor-widget elementor-widget-jet-form-builder-form\" data-id=\"d5f6f41\" data-element_type=\"widget\" data-widget_type=\"jet-form-builder-form.default\">\n\t\t\t\t<div class=\"elementor-widget-container\">\n\t\t\t\t\t<link rel='stylesheet' id='wp-block-library-css' href='https:\/\/psicologiacardedeu.com\/wp-includes\/css\/dist\/block-library\/style.min.css?ver=6.8.5' media='all' \/>\n<style id=\"jet-form-builder-1058-inline-css\"><\/style><form  class=\"jet-form-builder layout-column submit-type-reload\" action=\"https:\/\/psicologiacardedeu.com\/es\/wp-json\/wp\/v2\/pages\/712\/?7Jakpt=DtEAQrrIuM&amp;method=reload\" method=\"POST\" data-form-id=\"1058\" data-layout=\"column\" enctype=\"multipart\/form-data\" novalidate=\"null\" ssr_validation_method=\"rest\"><input type=\"hidden\" id=\"_wpnonce\" name=\"_wpnonce\" value=\"73c4c6b6d6\" \/><input type=\"hidden\" name=\"_wp_http_referer\" value=\"\/es\/wp-json\/wp\/v2\/pages\/712\" \/>\r\n<input type=\"hidden\" name=\"_jfb_current_render_states[]\" value=\"DEFAULT.STATE\" data-jfb-sync \/><input type=\"hidden\" class=\"jet-form-builder__field hidden-field\" name=\"_jet_engine_booking_form_id\" data-field-name=\"_jet_engine_booking_form_id\" value=\"1058\">\n<input type=\"hidden\" class=\"jet-form-builder__field hidden-field\" name=\"_jet_engine_refer\" data-field-name=\"_jet_engine_refer\" value=\"https:\/\/psicologiacardedeu.com\/es\/wp-json\/wp\/v2\/pages\/712\/\">\n<input type=\"hidden\" class=\"jet-form-builder__field hidden-field\" name=\"__queried_post_id\" data-field-name=\"__queried_post_id\" value=\"712\">\n<div  class=\"jet-form-builder-row field-type-select-field wp-block-jet-forms-select-field\">\n<div class=\"jet-form-builder__label\">\r\n<div class=\"jet-form-builder__label-text\">Seleccione Servicio <span class=\"jet-form-builder__required\">*<\/span><\/div><\/div><div class=\"jet-form-builder__field-wrap\">\n\t<select class=\"jet-form-builder__field select-field\" required=\"required\" name=\"SeleccioneServicio\" data-field-name=\"SeleccioneServicio\" id=\"SeleccioneServicio\" data-jfb-sync=\"null\">\n\t\t<option value=\"Psicolog\u00eda Adultos\" >Psicolog\u00eda Adultos<\/option><option value=\"Psicolog\u00eda infantil y juvenil\" >Psicolog\u00eda infantil y juvenil<\/option><option value=\"Reeducaci\u00f3n Psicopedag\u00f3gica\" >Reeducaci\u00f3n Psicopedag\u00f3gica<\/option><option value=\"Evaluaci\u00f3n Neuropsicol\u00f3gica\" >Evaluaci\u00f3n Neuropsicol\u00f3gica<\/option><option value=\"Psicolog\u00eda de pareja\" >Psicolog\u00eda de pareja<\/option><option value=\"Logopedia\" >Logopedia<\/option>\t<\/select>\n<\/div>\n<\/div>\n\n<div  class=\"jet-form-builder-row field-type-text-field\" >\n<div class=\"jet-form-builder__label\">\r\n<div class=\"jet-form-builder__label-text\">Nombre y Apellidos:<\/div><\/div><div class=\"jet-form-builder__field-wrap\">\n\t\t\t\t<input name=\"full_name\" id=\"full_name\" type=\"text\" data-field-name=\"full_name\" class=\"jet-form-builder__field text-field\" data-jfb-sync=\"null\" autocomplete=\"off_4cM1VHQq\">\n\t\t\t\t\t<\/div>\n<\/div>\n\n<div  class=\"jet-form-builder-row field-type-text-field\" >\n<div class=\"jet-form-builder__label\">\r\n<div class=\"jet-form-builder__label-text\">Email:<\/div><\/div><div class=\"jet-form-builder__field-wrap\">\n\t\t\t\t<input name=\"email\" id=\"email\" type=\"email\" data-field-name=\"email\" class=\"jet-form-builder__field text-field\" data-jfb-sync=\"null\" autocomplete=\"off_0KLtrPDp\">\n\t\t\t\t\t<\/div>\n<\/div>\n\n<div  class=\"jet-form-builder-row field-type-text-field\" >\n<div class=\"jet-form-builder__label\">\r\n<div class=\"jet-form-builder__label-text\">Tel\u00e9fono:<\/div><\/div><div class=\"jet-form-builder__field-wrap\">\n\t\t\t\t<input name=\"phone\" id=\"phone\" type=\"tel\" data-field-name=\"phone\" class=\"jet-form-builder__field text-field\" data-jfb-sync=\"null\" autocomplete=\"off_faKRZzLm\">\n\t\t\t\t\t<\/div>\n<\/div>\n\n<div  class=\"jet-form-builder-row field-type-textarea-field\" >\n<div class=\"jet-form-builder__label\">\r\n<div class=\"jet-form-builder__label-text\">Mensaje:<\/div><\/div><div class=\"jet-form-builder__field-wrap\">\n\t\t<textarea class=\"jet-form-builder__field textarea-field\" name=\"message\" data-field-name=\"message\" id=\"message\" data-jfb-sync=\"null\"><\/textarea>\n\t<\/div>\n<\/div>\n\n<div  class=\"jet-form-builder-row field-type-checkbox-field\" >\n<div class=\"jet-form-builder__fields-group checkradio-wrap\" data-jfb-sync><div class=\"jet-form-builder__field-wrap checkboxes-wrap checkradio-wrap\"><label class=\"jet-form-builder__field-label for-checkbox\">\n<input type=\"checkbox\" name=\"field_name\" value=\"1\" data-field-name=\"field_name\" data-calculate=\"1\"  class=\"jet-form-builder__field checkboxes-field checkradio-field\" required=\"required\"><span>He le\u00eddo y acepto la <span><a rel=\"nofollow\" href=\"\/politica-de-privacidad-del-sitio-web\/\"> Pol\u00edtica de privacidad.<\/a><\/span><\/span><\/label><\/div><\/div>\n<\/div>\n\n<div  class=\"jet-form-builder-row field-type-submit-field\" >\n\t<div data-type=\"switch-state\" class=\"jet-form-builder__action-button-wrapper\">\n\t<button class=\"jet-form-builder__action-button jet-form-builder__button-switch-state\" type=\"button\" data-switch-on=\"[]\" data-jfb-conditional=\"[{&quot;operator&quot;:&quot;render_state&quot;,&quot;render_state&quot;:[]}]\" data-jfb-func=\"{&quot;setCssClass&quot;:{&quot;className&quot;:&quot;has-active-state&quot;}}\">Enviar<\/button>\n\t<\/div>\n\t\n<\/div>\t<div class=\"jet-form-builder-messages-wrap\" data-form-id=\"1058\"><\/div>\n<\/form>\n\t\t\t\t<\/div>\n\t\t\t\t<\/div>\n\t\t\t\t\t<\/div>\n\t\t\t\t<\/div>\n\t\t\t\t<\/div>\n\t\t","protected":false},"excerpt":{"rendered":"<p>Agendar cita Seleccione Servicio * Psicologia AdultsPsicologia infantil i juvenilReeducaci\u00f3 Psicopedag\u00f2gicaAvaluaci\u00f3 Neuropsicol\u00f2gicaPsicologia de parellaLogop\u00e8dia Nombre y Apellidos: Email: Tel\u00e9fono: Mensaje: He le\u00eddo y acepto la Pol\u00edtica de privacidad. Enviar<\/p>\n","protected":false},"author":1,"featured_media":0,"parent":0,"menu_order":0,"comment_status":"closed","ping_status":"closed","template":"elementor_header_footer","meta":{"_jf_save_progress":"","footnotes":""},"class_list":["post-712","page","type-page","status-publish"],"_links":{"self":[{"href":"https:\/\/psicologiacardedeu.com\/es\/wp-json\/wp\/v2\/pages\/712","targetHints":{"allow":["GET"]}}],"collection":[{"href":"https:\/\/psicologiacardedeu.com\/es\/wp-json\/wp\/v2\/pages"}],"about":[{"href":"https:\/\/psicologiacardedeu.com\/es\/wp-json\/wp\/v2\/types\/page"}],"author":[{"embeddable":true,"href":"https:\/\/psicologiacardedeu.com\/es\/wp-json\/wp\/v2\/users\/1"}],"replies":[{"embeddable":true,"href":"https:\/\/psicologiacardedeu.com\/es\/wp-json\/wp\/v2\/comments?post=712"}],"version-history":[{"count":6,"href":"https:\/\/psicologiacardedeu.com\/es\/wp-json\/wp\/v2\/pages\/712\/revisions"}],"predecessor-version":[{"id":1074,"href":"https:\/\/psicologiacardedeu.com\/es\/wp-json\/wp\/v2\/pages\/712\/revisions\/1074"}],"wp:attachment":[{"href":"https:\/\/psicologiacardedeu.com\/es\/wp-json\/wp\/v2\/media?parent=712"}],"curies":[{"name":"wp","href":"https:\/\/api.w.org\/{rel}","templated":true}]}}