{"id":1310,"date":"2025-10-23T23:07:21","date_gmt":"2025-10-23T23:07:21","guid":{"rendered":"https:\/\/psicologiacardedeu.com\/aviso-legal-y-condiciones-generales-de-uso\/"},"modified":"2026-01-27T16:16:58","modified_gmt":"2026-01-27T16:16:58","slug":"aviso-legal-y-condiciones-generales-de-uso","status":"publish","type":"page","link":"https:\/\/psicologiacardedeu.com\/es\/aviso-legal-y-condiciones-generales-de-uso\/","title":{"rendered":"AVISO LEGAL Y CONDICIONES GENERALES DE USO"},"content":{"rendered":"\t\t<div data-elementor-type=\"wp-page\" data-elementor-id=\"1310\" class=\"elementor elementor-1310 elementor-551\" data-elementor-post-type=\"page\">\n\t\t\t\t<div class=\"elementor-element elementor-element-58c47a5 e-flex e-con-boxed e-con e-parent\" data-id=\"58c47a5\" data-element_type=\"container\">\n\t\t\t\t\t<div class=\"e-con-inner\">\n\t\t\t\t<div class=\"elementor-element elementor-element-71aef3f elementor-widget elementor-widget-text-editor\" data-id=\"71aef3f\" data-element_type=\"widget\" data-widget_type=\"text-editor.default\">\n\t\t\t\t\t\t\t\t\t<h3>AVISO LEGAL Y CONDICIONES GENERALES DE USO<\/h3><p><strong>www.psicoemocionscardedeu.com<\/strong><\/p><p>I. INFORMACI\u00d3N GENERAL<br>En cumplimiento del deber de informaci\u00f3n dispuesto en la Ley 34\/2002 de Servicios de la Sociedad de la Informaci\u00f3n y el Comercio Electr\u00f3nico (LSSI-CE) de 11 de julio, se facilitan a continuaci\u00f3n los siguientes datos de informaci\u00f3n general de este sitio web:<br>La titularidad de este sitio web, www.psicoemocionscardedeu.com, (en adelante, Sitio Web) la ostenta: Cristina P\u00e9rez Ler\u00edn, con NIF: , y sus datos de contacto son:<br>La titularidad de este sitio web, www.psicoemocionscardedeu.com, (en adelante, Sitio Web) la ostenta: , provista de NIF: e inscrita en: con los siguientes datos registrales: , cuyo representante es: , y sus datos de contacto son:<br>Direcci\u00f3n: Calle Llu\u00efsa Oller, 41 (Antiguo Calle Pere Mercader, 41) , Cardedeu (08440)<br>Tel\u00e9fono de contacto: 640070227<br>Fax:<br>Email de contacto: psicoemocionscardedeu@gmail.com<\/p><p>II. T\u00c9RMINOS Y CONDICIONES GENERALES DE USO<br>El objeto de las condiciones: El Sitio Web<br>El objeto de las presentes Condiciones Generales de Uso (en adelante, Condiciones) es regular el acceso y la utilizaci\u00f3n del Sitio Web. A efectos de las presentes Condiciones se entender\u00e1 como Sitio Web: la apariencia externa de las interfaces de pantalla, tanto de forma est\u00e1tica como de forma din\u00e1mica, es decir, el \u00e1rbol de navegaci\u00f3n; y todos los elementos integrados tanto en las interfaces de pantalla como en el \u00e1rbol de navegaci\u00f3n (en adelante, Contenidos) y todos aquellos servicios o recursos online que en su caso ofrezca a los Usuarios (en adelante, Servicios). <br>Equipo de psicolog\u00eda y logopedia especializado en Cardedeu y online se reserva la facultad de modificar, en cualquier momento, y sin previo aviso, la presentaci\u00f3n y configuraci\u00f3n del Sitio Web y de los Contenidos y Servicios que se pudieran incorporar. El Usuario reconoce y acepta que en cualquier momento Equipo de psicolog\u00eda y logopedia especializado en Cardedeu y online pueda interrumpir, desactivar y\/o cancelar cualquiera de estos elementos que se integran en el Sitio Web o el acceso a los mismos. <br>El acceso al Sitio Web por el Usuario tiene car\u00e1cter libre y, por regla general, es gratuito sin que el Usuario deba proporcionar una contraprestaci\u00f3n para poder disfrutarlo, salvo en lo que se refiere al coste de conexi\u00f3n a trav\u00e9s de la red de telecomunicaciones suministrada por el proveedor de acceso que hubiera contratado el Usuario.<br>La utilizaci\u00f3n de alguno de los Contenidos o Servicios del Sitio Web se podr\u00e1 realizar mediante la suscripci\u00f3n o registro previo del Usuario.<br>El Usuario<br>El acceso, la navegaci\u00f3n y uso del Sitio Web, as\u00ed como por los espacios habilitados para interactuar entre los Usuarios, y el Usuario y Equipo de psicolog\u00eda y logopedia especializado en Cardedeu y online, como los comentarios y\/o espacios de blogging, confiere la condici\u00f3n de Usuario, por lo que se aceptan as\u00ed Sitio as\u00ed como modificaciones, sin perjuicio de la aplicaci\u00f3n de la correspondiente normativa legal de obligado cumplimiento en su caso. Dada la relevancia de lo anterior, se recomienda al Usuario leerlas cada vez que visite el Sitio Web.<br>El Sitio Web de Equipo de psicolog\u00eda y logopedia especializado en Cardedeu y online proporciona gran diversidad de informaci\u00f3n, servicios y datos. El Usuario asume su responsabilidad por hacer un uso correcto del Sitio Web. Esta responsabilidad se extender\u00e1 a:   <\/p><p>Un uso de la informaci\u00f3n, Contenidos y\/o Servicios y datos ofrecidos por Equipo de psicolog\u00eda y logopedia especializado en Cardedeu y online sin que sea contrario a lo dispuesto en las presentes Condiciones, la Ley, la moral o el orden p\u00fablico, o que de cualquier otra forma puedan suponer lesi\u00f3n de los derechos de terceros o del mismo funcionamiento del Sitio Web.<br>La veracidad y licitud de las informaciones aportadas por el Usuario a los formularios extendidos por Equipo de psicolog\u00eda y logopedia especializado en Cardedeu y online para el acceso a ciertos Contenidos o Servicios ofrecidos por el Sitio Web. En cualquier caso, el Usuario notificar\u00e1 de forma inmediata a Equipo de psicolog\u00eda y logopedia especializado en Cardedeu y online sobre cualquier hecho que permita el uso indebido de la informaci\u00f3n registrada en estos formularios, tales como, pero no s\u00f3lo, el robo, p\u00e9rdida, o el acceso no autorizado a identificadores y\/o contrase\u00f1as, a fin de proceder a su inmediata. <\/p><p>Equipo de psicolog\u00eda y logopedia especializado en Cardedeu y online se reserva el derecho de retirar todos aquellos comentarios y aportaciones que vulneren la ley, el respeto a la dignidad de la persona, que sean discriminatorios, xen\u00f3fobos, racistas, pornogr\u00e1ficos, spamming, que atenten contra la juventud o la infancia, el orden en su publicaci\u00f3n.<br>En cualquier caso, Equipo de psicolog\u00eda y logopedia especializado en Cardedeu y online no ser\u00e1 responsable de las opiniones vertidas por los Usuarios a trav\u00e9s de comentarios u otras herramientas de blogging o de participaci\u00f3n que pueda haber.<br>El mero acceso a este Sitio Web no supone entablar ning\u00fan tipo de relaci\u00f3n de car\u00e1cter comercial entre Equipo de psicolog\u00eda y logopedia especializado en Cardedeu y online y el Usuario.<br>El Usuario declara ser mayor de edad y disponer de la capacidad jur\u00eddica suficiente para vincularse por las presentes Condiciones. Por tanto, este Sitio Web de Equipo de psicolog\u00eda y logopedia especializado en Cardedeu y online no se dirige a menores de edad. Equipo de psicolog\u00eda y logopedia especializado en Cardedeu y online declina cualquier responsabilidad por el incumplimiento de este requisito.<br>El Sitio Web est\u00e1 dirigido principalmente a Usuarios residentes en . Equipo de psicolog\u00eda y logopedia especializado en Cardedeu y online no asegura que el Sitio Web cumpla con legislaciones de otros pa\u00edses, ya sea total o parcialmente. Si el Usuario reside o tiene su domiciliado en otro sitio y decide acceder y\/o navegar en el Sitio Web lo har\u00e1 bajo su propia responsabilidad, deber\u00e1 asegurarse de que este acceso y navegaci\u00f3n cumple con la legislaci\u00f3n local que le es de aplicaci\u00f3n, no asumiendo Equipo de psicolog\u00eda y logopedia especializado en Cardedeu y online ninguna responsabilidad que se pueda derivar.    <\/p><p><b>III. ACC\u00c9S I NAVEGACI\u00d3 AL LLOC WEB: EXCLUSI\u00d3 DE GARANTIES I RESPONSABILITAT<\/b><br>Equip de psicologia i logop\u00e8dia especialitzat a Cardedeu i online no garanteix la continu\u00eftat, disponibilitat i utilitat del Lloc Web, ni dels Continguts o Serveis. Equip de psicologia i logop\u00e8dia especialitzat a Cardedeu i online far\u00e0 tot el possible pel bon funcionament del Lloc Web, per\u00f2, no es responsabilitza ni garanteix que l&#8217;acc\u00e9s a aquest Lloc Web no sigui ininterromput o que estigui lliure d&#8217;error.<br>Tampoc es responsabilitza o garanteix que el contingut o programari al qual es pugui accedir a trav\u00e9s d&#8217;aquest Lloc Web, estigui lliure d&#8217;error o causi un dany al sistema inform\u00e0tic (programari i maquinari) de l&#8217;Usuari. En cap cas Equip de psicologia i logop\u00e8dia especialitzat a Cardedeu i online ser\u00e0 responsable per les p\u00e8rdues, danys o perjudicis de qualsevol tipus que sorgeixin per l&#8217;acc\u00e9s, navegaci\u00f3 i l&#8217;\u00fas del Lloc Web, incloent-s&#8217;hi, per\u00f2 no limitant-se, als ocasionats als sistemes inform\u00e0tics o els provocats per la introducci\u00f3 de virus.<br>Equip de psicologia i logop\u00e8dia especialitzat a Cardedeu i online tampoc es fa responsable dels danys que es poguessin ocasionar als usuaris per un \u00fas inadequat d&#8217;aquest Lloc Web. En particular, no es fa responsable de cap manera de les caigudes, interrupcions, falta o defecte de les telecomunicacions que poguessin oc\u00f3rrer.   <\/p><p>IV. POL\u00cdTICA DE ENLACES<br>Se informa que el Sitio Web de Equipo de psicolog\u00eda y logopedia especializado en Cardedeu y online pone o puede poner a disposici\u00f3n de los Usuarios medios de enlace (como, entre otros, links, anuncios de banner, botones), directorios y motores de b\u00fasqueda que permiten a los Usuarios acceder a sitios web pertenecientes y\/o gestionados por terceros.<br>La instalaci\u00f3n de estos enlaces, directorios y motores de b\u00fasqueda en el Sitio Web tiene por objeto facilitar a los Usuarios la b\u00fasqueda y acceso a la informaci\u00f3n disponible en Internet, sin que pueda considerarse una sugerencia, recomendaci\u00f3n o invitaci\u00f3n para su visita.<br>Equipo de psicolog\u00eda y logopedia especializado en Cardedeu y online no ofrece ni comercializa por s\u00ed mismo ni por medio de terceros los productos y\/o servicios disponibles en estos sitios enlazados.<br>Asimismo, tampoco garantizar\u00e1 la disponibilidad t\u00e9cnica, exactitud, veracidad, validez o legalidad de sitios ajenos a su propiedad a los que se pueda acceder mediante los enlaces.<br>Equipo de psicolog\u00eda y logopedia especializado en Cardedeu y online en ning\u00fan caso revisar\u00e1 o controlar\u00e1 el contenido de otros sitios web, as\u00ed como tampoco aprueba, examina ni hace propios los productos y servicios, contenidos, archivos y cualquier otro material existente en los referidos sitios enlazados.<br>Equipo de psicolog\u00eda y logopedia especializado en Cardedeu y online no asume ninguna responsabilidad por los da\u00f1os y perjuicios que pudieran producirse por el acceso, uso, calidad o licitud de los contenidos, comunicaciones, opiniones, productos y servicios de los sitios web no gestionados por Equipo de psicolog\u00eda y logopedia especializado en Cardedeu y online y que sean enlazados en este Sitio Web.<br>El Usuario o tercero que realice un hiperv\u00ednculo desde una p\u00e1gina web de otro, diferente, sitio web en el Sitio Web de Equipo de psicolog\u00eda y logopedia especializado en Cardedeu y online deber\u00e1 saber que:<br>No se permite la reproducci\u00f3n -total o parcialmente- de ninguno de los Contenidos y\/o Servicios del Sitio Web sin autorizaci\u00f3n expresa de Equipo de psicolog\u00eda y logopedia especializado en Cardedeu y online.<br>No se permite tampoco ninguna manifestaci\u00f3n falsa, inexacta o incorrecta sobre el Sitio Web de Equipo de psicolog\u00eda y logopedia especializado en Cardedeu y online, ni sobre los Contenidos y\/o Servicios del mismo.<br>A excepci\u00f3n del hiperv\u00ednculo, el sitio web en el que se establezca este hiperenlace no contendr\u00e1 ning\u00fan elemento, de este Sitio Web, protegido como propiedad intelectual por el ordenamiento jur\u00eddico espa\u00f1ol, salvo autorizaci\u00f3n expresa de Equipo de psicolog\u00eda y logopedia especializado en Cardedeu y online.<br>El establecimiento del hiperv\u00ednculo no implicar\u00e1 la existencia de relaciones entre Equipo de psicolog\u00eda y logopedia especializado en Cardedeu y online y el titular del sitio web desde el que se realice, ni el conocimiento y aceptaci\u00f3n de Equipo de psicolog\u00eda y logopedia especializado en Cardedeu y online de los contenidos, servicios y\/o actividades ofrecidos en este sitio web, y viceversa.<\/p><p>Aqu\u00ed tienes la traducci\u00f3n t\u00e9cnica y profesional al castellano, adaptada para su uso en los avisos legales de un desarrollo en WordPress (Aviso Legal y Condiciones de Uso).<br> <br>V. PROPIEDAD INTELECTUAL E INDUSTRIAL<br>Equip de psicologia i logop\u00e8dia especialitzat a Cardedeu i online por s\u00ed mismo o como parte cesionaria, es titular de todos los derechos de propiedad intelectual e industrial del Sitio Web, as\u00ed como de los elementos contenidos en el mismo (a t\u00edtulo enunciativo y no exhaustivo, im\u00e1genes, sonido, audio, v\u00eddeo, software o textos, marcas o logotipos, combinaciones de colores, estructura y dise\u00f1o, selecci\u00f3n de materiales usados, programas de ordenador necesarios para su funcionamiento, acceso y uso, etc.). Ser\u00e1n, por consiguiente, obras protegidas como propiedad intelectual por el ordenamiento jur\u00eddico espa\u00f1ol, si\u00e9ndoles aplicables tanto la normativa espa\u00f1ola y comunitaria en este campo, como los tratados internacionales relativos a la materia y suscritos por Espa\u00f1a.<br>Todos los derechos reservados. En virtud de lo dispuesto en la Ley de Propiedad Intelectual, quedan expresamente prohibidas la reproducci\u00f3n, la distribuci\u00f3n y la comunicaci\u00f3n p\u00fablica, incluida su modalidad de puesta a disposici\u00f3n, de la totalidad o parte de los contenidos de esta p\u00e1gina web, con fines comerciales, en cualquier soporte y por cualquier medio t\u00e9cnico, sin la autorizaci\u00f3n de Equip de psicologia i logop\u00e8dia especialitzat a Cardedeu i online.<br>El Usuario se compromete a respetar los derechos de propiedad intelectual e industrial de Equip de psicologia i logop\u00e8dia especialitzat a Cardedeu i online. Podr\u00e1 visualizar los elementos del Sitio Web e incluso imprimirlos, copiarlos y almacenarlos en el disco duro de su ordenador o en cualquier otro soporte f\u00edsico siempre y cuando sea, exclusivamente, para su uso personal. El Usuario, sin embargo, no podr\u00e1 suprimir, alterar, o manipular cualquier dispositivo de protecci\u00f3n o sistema de seguridad que estuviera instalado en el Sitio Web.<br>En caso de que el Usuario o tercero considere que cualquiera de los Contenidos del Sitio Web supone una violaci\u00f3n de los derechos de protecci\u00f3n de la propiedad intelectual, deber\u00e1 comunicarlo inmediatamente a Equip de psicologia i logop\u00e8dia especialitzat a Cardedeu i online a trav\u00e9s de los datos de contacto del apartado de INFORMACI\u00d3N GENERAL de este Aviso Legal y Condiciones Generales de Uso.    <\/p><p>VI. ACCIONES LEGALES, LEGISLACI\u00d3N APLICABLE Y JURISDICCI\u00d3N<br>Equipo de psicolog\u00eda y logopedia especializado en Cardedeu y online se reserva la facultad de presentar las acciones civiles o penales que considere necesarias por la utilizaci\u00f3n indebida del Sitio Web y Contenidos, o por el incumplimiento de las presentes Condiciones.<br>La relaci\u00f3n entre el Usuario y Equipo de psicolog\u00eda y logopedia especializado en Cardedeu y online se regir\u00e1 por la normativa vigente y de aplicaci\u00f3n en territorio espa\u00f1ol. Si surge cualquier controversia en relaci\u00f3n con la interpretaci\u00f3n y\/o aplicaci\u00f3n de estas Condiciones, las partes someter\u00e1n sus conflictos a la jurisdicci\u00f3n ordinaria someti\u00e9ndose a los jueces y tribunales que correspondan conforme a derecho. <\/p>\t\t\t\t\t\t\t\t<\/div>\n\t\t\t\t\t<\/div>\n\t\t\t\t<\/div>\n\t\t\t\t<\/div>\n\t\t","protected":false},"excerpt":{"rendered":"<p>AVISO LEGAL Y CONDICIONES GENERALES DE USO www.psicoemocionscardedeu.com I. INFORMACI\u00d3N GENERALEn cumplimiento del deber de informaci\u00f3n dispuesto en la Ley 34\/2002 de Servicios de la Sociedad de la Informaci\u00f3n y el Comercio Electr\u00f3nico (LSSI-CE) de 11 de julio, se facilitan a continuaci\u00f3n los siguientes datos de informaci\u00f3n general de este sitio web:La titularidad de este &#8230; <a title=\"AVISO LEGAL Y CONDICIONES GENERALES DE USO\" class=\"read-more\" href=\"https:\/\/psicologiacardedeu.com\/es\/aviso-legal-y-condiciones-generales-de-uso\/\" aria-label=\"Leer m\u00e1s sobre AVISO LEGAL Y CONDICIONES GENERALES DE USO\">Leer m\u00e1s<\/a><\/p>\n","protected":false},"author":1,"featured_media":0,"parent":0,"menu_order":0,"comment_status":"closed","ping_status":"closed","template":"elementor_header_footer","meta":{"_jf_save_progress":"","footnotes":""},"class_list":["post-1310","page","type-page","status-publish"],"_links":{"self":[{"href":"https:\/\/psicologiacardedeu.com\/es\/wp-json\/wp\/v2\/pages\/1310","targetHints":{"allow":["GET"]}}],"collection":[{"href":"https:\/\/psicologiacardedeu.com\/es\/wp-json\/wp\/v2\/pages"}],"about":[{"href":"https:\/\/psicologiacardedeu.com\/es\/wp-json\/wp\/v2\/types\/page"}],"author":[{"embeddable":true,"href":"https:\/\/psicologiacardedeu.com\/es\/wp-json\/wp\/v2\/users\/1"}],"replies":[{"embeddable":true,"href":"https:\/\/psicologiacardedeu.com\/es\/wp-json\/wp\/v2\/comments?post=1310"}],"version-history":[{"count":1,"href":"https:\/\/psicologiacardedeu.com\/es\/wp-json\/wp\/v2\/pages\/1310\/revisions"}],"predecessor-version":[{"id":1311,"href":"https:\/\/psicologiacardedeu.com\/es\/wp-json\/wp\/v2\/pages\/1310\/revisions\/1311"}],"wp:attachment":[{"href":"https:\/\/psicologiacardedeu.com\/es\/wp-json\/wp\/v2\/media?parent=1310"}],"curies":[{"name":"wp","href":"https:\/\/api.w.org\/{rel}","templated":true}]}}